{"id":14796,"date":"2022-03-22T11:06:07","date_gmt":"2022-03-22T11:06:07","guid":{"rendered":"https:\/\/westudio.we-test.ch\/home-2\/"},"modified":"2022-06-23T16:02:50","modified_gmt":"2022-06-23T16:02:50","slug":"home","status":"publish","type":"page","link":"https:\/\/westudio.we-test.ch\/en\/","title":{"rendered":"Home"},"content":{"rendered":"<div class=\"full-slider slider-container full-width\">\n    <div class=\"slider-wrapper\">\n                        <div class=\"full-slide slide\">\n                                            <video class=\"img-resp\" src=\"https:\/\/westudio.we-test.ch\/app\/uploads\/2022\/06\/Confiance.mp4\" preload=\"auto\"\n                               loop playsinline muted autoplay  draggable=\"false\"><\/video>\n                                        <div class=\"content\">\n                        <h1>Vous traversez un orage ?<\/h1>\n                        <p>Faites-nous confiance, on vous ram\u00e8ne le beau temps.<\/p>\n                    <\/div>\n                <\/div>\n                                <div class=\"full-slide slide\">\n                                            <video class=\"img-resp\" src=\"https:\/\/westudio.we-test.ch\/app\/uploads\/2022\/06\/Creativite-01.mp4\" preload=\"auto\"\n                               loop playsinline muted   draggable=\"false\"><\/video>\n                                        <div class=\"content\">\n                        <h1>Voir autre chose que le train-train quotidien ?<\/h1>\n                        <p>Nous vous mettons de la cr\u00e9ativit\u00e9 plein les yeux!<\/p>\n                    <\/div>\n                <\/div>\n                                <div class=\"full-slide slide\">\n                                            <video class=\"img-resp\" src=\"https:\/\/westudio.we-test.ch\/app\/uploads\/2022\/06\/Rigueur-03.mp4\" preload=\"auto\"\n                               loop playsinline muted   draggable=\"false\"><\/video>\n                                        <div class=\"content\">\n                        <h1>Envie que tout soit proprement fait ?<\/h1>\n                        <p>La rigueur fait partie de notre ADN.<\/p>\n                    <\/div>\n                <\/div>\n                                <div class=\"full-slide slide\">\n                                            <video class=\"img-resp\" src=\"https:\/\/westudio.we-test.ch\/app\/uploads\/2022\/06\/Detente-01.mp4\" preload=\"auto\"\n                               loop playsinline muted   draggable=\"false\"><\/video>\n                                        <div class=\"content\">\n                        <h1>Hop hop hop, vous courez apr\u00e8s le temps ?<\/h1>\n                        <p>D\u00e9tendez-vous, on s&#8217;occupe de tout.<\/p>\n                    <\/div>\n                <\/div>\n                                <div class=\"full-slide slide\">\n                                            <video class=\"img-resp\" src=\"https:\/\/westudio.we-test.ch\/app\/uploads\/2022\/06\/Rigueur-02.mp4\" preload=\"auto\"\n                               loop playsinline muted   draggable=\"false\"><\/video>\n                                        <div class=\"content\">\n                        <h1>Trop de choses en t\u00eate ?<\/h1>\n                        <p>L&#8217;organisation est notre ma\u00eetre-mot.<\/p>\n                    <\/div>\n                <\/div>\n                                <div class=\"full-slide slide\">\n                                            <video class=\"img-resp\" src=\"https:\/\/westudio.we-test.ch\/app\/uploads\/2022\/06\/Detente-02.mp4\" preload=\"auto\"\n                               loop playsinline muted   draggable=\"false\"><\/video>\n                                        <div class=\"content\">\n                        <h1>Vous courez apr\u00e8s le temps ? Trop \u00e0 faire ?<\/h1>\n                        <p>D\u00e9tendez-vous, on s&#8217;occupe de tout.<\/p>\n                    <\/div>\n                <\/div>\n                                <div class=\"full-slide slide\">\n                                            <video class=\"img-resp\" src=\"https:\/\/westudio.we-test.ch\/app\/uploads\/2022\/06\/Cohe\u0301sion.mp4\" preload=\"auto\"\n                               loop playsinline muted   draggable=\"false\"><\/video>\n                                        <div class=\"content\">\n                        <h1>Des doutes ? Besoin de conseils, d&#8217;un avis? <\/h1>\n                        <p>Nous suivons votre projet avec coh\u00e9sion et \u00e9coute.<\/p>\n                    <\/div>\n                <\/div>\n                                <div class=\"full-slide slide\">\n                                            <video class=\"img-resp\" src=\"https:\/\/westudio.we-test.ch\/app\/uploads\/2022\/03\/video-home.mp4\" preload=\"auto\"\n                               loop playsinline muted   draggable=\"false\"><\/video>\n                                        <div class=\"content\">\n                        <h1>Je veux \u00e7a \u00e7a \u00e7a<\/h1>\n                        <p>Hum, dites m&#8217;en plus<\/p>\n                    <\/div>\n                <\/div>\n                    <\/div>\n            <div class=\"arrows\">\n            <div class=\"prev\" title=\"Previous slide\">\n                <svg xmlns=\"http:\/\/www.w3.org\/2000\/svg\" viewBox=\"0 0 513 342\" width=\"513\" height=\"342\">\n                    <g>\n                        <path fill=\"currentColor\"\n                              d=\"M4.13 178.54L164.13 338.54C168.29 342.71 175.04 342.71 179.21 338.54C183.38 334.37 183.38 327.62 179.21 323.46L37.42 181.67L502.33 181.67C508.23 181.67 513 176.9 513 171C513 165.1 508.23 160.33 502.33 160.33L37.42 160.33L179.21 18.54C183.38 14.37 183.38 7.62 179.21 3.46C177.13 1.38 174.39 0.33 171.67 0.33C168.94 0.33 166.21 1.38 164.12 3.46L4.12 163.46C-0.04 167.62 -0.04 174.37 4.13 178.54Z\"\/>\n                    <\/g>\n                <\/svg>\n            <\/div>\n            <div class=\"next\" title=\"Next slide\">\n                <svg xmlns=\"http:\/\/www.w3.org\/2000\/svg\" viewBox=\"0 0 512 342\" width=\"512\" height=\"342\">\n                    <g>\n                        <path fill=\"currentColor\"\n                              d=\"M508.87 163.46L348.87 3.46C344.71 -0.71 337.96 -0.71 333.79 3.46C329.62 7.63 329.62 14.38 333.79 18.54L475.58 160.33L10.67 160.33C4.77 160.33 0 165.1 0 171C0 176.9 4.77 181.67 10.67 181.67L475.58 181.67L333.79 323.46C329.62 327.63 329.62 334.38 333.79 338.54C335.87 340.62 338.61 341.67 341.33 341.67C344.06 341.67 346.79 340.62 348.88 338.54L508.88 178.54C513.04 174.38 513.04 167.63 508.87 163.46Z\"\/>\n                    <\/g>\n                <\/svg>\n            <\/div>\n        <\/div>\n            <style>:root{--header-height: 0;--nav-bkg: rgba(200, 200, 200, .6)}<\/style>\n<\/div>\n\n\n<section id=\"full-screen-block_623aed5f41102\" class=\"full-screen full-width\" style=\"background-color: #386ef7\">\n    \n\n<h2 class=\"has-white-color has-text-color\">Voici le titre de la section<\/h2>\n\n\n\n<div class=\"wp-block-cover is-light\" style=\"padding-top:0px;padding-right:0px;padding-bottom:0px;padding-left:0px;min-height:500px\"><span aria-hidden=\"true\" class=\"wp-block-cover__background has-black-background-color has-background-dim\"><\/span><img class=\"wp-block-cover__image-background wp-image-30\" alt=\"\" src=\"https:\/\/westudio.we-test.ch\/app\/uploads\/2022\/03\/pexels-andrea-piacquadio-840996.jpg\" style=\"object-position:46% 43%\" data-object-fit=\"cover\" data-object-position=\"46% 43%\"\/><div class=\"wp-block-cover__inner-container\">\n<p class=\"has-text-align-center has-white-color has-text-color has-x-large-font-size\">Elle est quand m\u00eame dr\u00f4le la vid\u00e9o de Maurice \u00e0 la compt\u00e2t <\/p>\n<\/div><\/div>\n\n\n<\/section>\n\n<section id=\"full-screen-block_623dd79f48f00\" class=\"full-screen full-width\" style=\"background-color: #027706\">\n    \n\n<h2 class=\"has-white-color has-text-color\">Accompagnement<\/h2>\n\n\n\n<hr class=\"wp-block-separator has-text-color has-black-color has-css-opacity has-black-background-color has-background is-style-default\"\/>\n\n\n\n<div class=\"wp-block-media-text alignwide is-stacked-on-mobile\"><figure class=\"wp-block-media-text__media\"><img src=\"https:\/\/westudio.we-test.ch\/app\/uploads\/2022\/03\/pexels-markus-spiske-4378648.jpg\" alt=\"\" class=\"wp-image-29 size-large\"\/><\/figure><div class=\"wp-block-media-text__content\">\n<h2 class=\"has-white-color has-text-color has-large-font-size\">Du d\u00e9but \u00e0 la fin<\/h2>\n\n\n\n<p class=\"has-white-color has-text-color\">Vous voyez une seule couleur, le bleu, mais son impact et son message peut \u00eatre diff\u00e9rent.<\/p>\n<\/div><\/div>\n\n\n<\/section>\n\n<section id=\"full-screen-block_623dd93748f01\" class=\"full-screen full-width\" style=\"background-color: #dd3333\">\n    \n\n<h2 class=\"has-white-color has-text-color\">Nos projets<\/h2>\n\n\n<div class=\"projects-random\">\n    <div class=\"helpers\"><section class=\"project load\"><a href=\"\"><img src=\"\" loading=\"lazy\" draggable=\"false\" class=\"img-resp\" alt=\"\" sizes=\"(min-width:1200px) 32vw, (min-width:650px) 50vw, 100vw\" decoding=\"async\"><h1><\/h1><h2><\/h2><\/a><\/section><\/div>\n    <div class=\"projects\"><\/div>\n    <button class=\"load-more-projects\">Load more<\/button>\n<\/div>\n\n\n<p><\/p>\n\n\n<\/section>\n\n<section id=\"full-screen-block_623df92aa7d5d\" class=\"full-screen full-width\" style=\"background-color: #999301\">\n    \n\n<h2 class=\"has-white-color has-text-color has-large-font-size\">Nous avons boss\u00e9 ensemble<\/h2>\n\n\n\n<div class=\"wp-block-columns\">\n<div class=\"wp-block-column\">\n<figure class=\"wp-block-image size-full\"><img src=\"https:\/\/westudio.we-test.ch\/app\/uploads\/2019\/06\/logo_fiduciaire_saugy.jpg\" alt=\"\" class=\"wp-image-1236\"\/><\/figure>\n\n\n\n<figure class=\"wp-block-image size-full\"><img src=\"https:\/\/westudio.we-test.ch\/app\/uploads\/2019\/06\/logo_obeirut.jpg\" alt=\"\" class=\"wp-image-1243\"\/><\/figure>\n\n\n\n<figure class=\"wp-block-image size-full\"><img src=\"https:\/\/westudio.we-test.ch\/app\/uploads\/2019\/06\/logo_inait.jpg\" alt=\"\" class=\"wp-image-1244\"\/><\/figure>\n<\/div>\n\n\n\n<div class=\"wp-block-column\">\n<figure class=\"wp-block-image size-full\"><img src=\"https:\/\/westudio.we-test.ch\/app\/uploads\/2019\/06\/logo_mad.jpg\" alt=\"\" class=\"wp-image-1105\"\/><\/figure>\n\n\n\n<figure class=\"wp-block-image size-full\"><img src=\"https:\/\/westudio.we-test.ch\/app\/uploads\/2019\/06\/logo_merk.jpg\" alt=\"\" class=\"wp-image-1241\"\/><\/figure>\n\n\n\n<figure class=\"wp-block-image size-full\"><img src=\"https:\/\/westudio.we-test.ch\/app\/uploads\/2019\/06\/logo_medtronic.jpg\" alt=\"\" class=\"wp-image-1239\"\/><\/figure>\n<\/div>\n\n\n\n<div class=\"wp-block-column\">\n<figure class=\"wp-block-image size-full\"><img src=\"https:\/\/westudio.we-test.ch\/app\/uploads\/2019\/06\/logo_henri_des.jpg\" alt=\"\" class=\"wp-image-1223\"\/><\/figure>\n\n\n\n<figure class=\"wp-block-image size-full\"><img src=\"https:\/\/westudio.we-test.ch\/app\/uploads\/2019\/06\/logo_comme_maison.jpg\" alt=\"\" class=\"wp-image-1237\"\/><\/figure>\n\n\n\n<figure class=\"wp-block-image size-full\"><img src=\"https:\/\/westudio.we-test.ch\/app\/uploads\/2019\/06\/logo_cche-1.jpg\" alt=\"\" class=\"wp-image-1229\"\/><\/figure>\n<\/div>\n<\/div>\n\n\n<\/section>","protected":false},"excerpt":{"rendered":"","protected":false},"author":1,"featured_media":0,"parent":0,"menu_order":0,"comment_status":"closed","ping_status":"closed","template":"","meta":[],"acf":[],"_links":{"self":[{"href":"https:\/\/westudio.we-test.ch\/en\/wp-json\/wp\/v2\/pages\/14796"}],"collection":[{"href":"https:\/\/westudio.we-test.ch\/en\/wp-json\/wp\/v2\/pages"}],"about":[{"href":"https:\/\/westudio.we-test.ch\/en\/wp-json\/wp\/v2\/types\/page"}],"author":[{"embeddable":true,"href":"https:\/\/westudio.we-test.ch\/en\/wp-json\/wp\/v2\/users\/1"}],"replies":[{"embeddable":true,"href":"https:\/\/westudio.we-test.ch\/en\/wp-json\/wp\/v2\/comments?post=14796"}],"version-history":[{"count":12,"href":"https:\/\/westudio.we-test.ch\/en\/wp-json\/wp\/v2\/pages\/14796\/revisions"}],"predecessor-version":[{"id":14865,"href":"https:\/\/westudio.we-test.ch\/en\/wp-json\/wp\/v2\/pages\/14796\/revisions\/14865"}],"wp:attachment":[{"href":"https:\/\/westudio.we-test.ch\/en\/wp-json\/wp\/v2\/media?parent=14796"}],"curies":[{"name":"wp","href":"https:\/\/api.w.org\/{rel}","templated":true}]}}