{"id":14798,"date":"2022-03-22T11:06:40","date_gmt":"2022-03-22T11:06:40","guid":{"rendered":"https:\/\/westudio.we-test.ch\/partenaires-2\/"},"modified":"2022-05-18T16:00:04","modified_gmt":"2022-05-18T16:00:04","slug":"partenaires-2","status":"publish","type":"page","link":"https:\/\/westudio.we-test.ch\/en\/partenaires-2\/","title":{"rendered":"Partenaires"},"content":{"rendered":"\n<div style=\"height:100px\" aria-hidden=\"true\" class=\"wp-block-spacer\"><\/div>\n\n<h1 class=\"has-text-align-center\">Nous avons collabor\u00e9 ensemble<\/h1>\n\n<div style=\"height:40px\" aria-hidden=\"true\" class=\"wp-block-spacer\"><\/div>\n\n<h3 class=\"has-text-align-center\">Devenus de v\u00e9ritables partenaires au fil du temps, nos clients nous ont permis d&#8217;apprendre et d&#8217;accroitre notre exp\u00e9rience dans d&#8217;autres domaines professionnels.<\/h3>\n\n<div style=\"height:100px\" aria-hidden=\"true\" class=\"wp-block-spacer\"><\/div>\n\n<div class=\"wp-block-columns has-4-columns justify-content-center text-center\">\n<div class=\"wp-block-column max-width-20-p\">\n<figure class=\"wp-block-image\"><img src=\"https:\/\/we-studio.ch\/wp-content\/uploads\/2019\/06\/logo_octopus.jpg\" alt=\"Fondation Octopus\" class=\"wp-image-1217\"\/><\/figure>\n\n\n<figure class=\"wp-block-image\"><img src=\"https:\/\/we-studio.ch\/wp-content\/uploads\/2019\/06\/logo_kessler-1.jpg\" alt=\"Kessler gestion\" class=\"wp-image-1222\"\/><\/figure>\n\n\n<figure class=\"wp-block-image\"><img src=\"https:\/\/we-studio.ch\/wp-content\/uploads\/2019\/06\/logo_epfl.jpg\" alt=\"EPFL\" class=\"wp-image-1226\"\/><\/figure>\n\n\n<figure class=\"wp-block-image\"><img src=\"https:\/\/we-studio.ch\/wp-content\/uploads\/2019\/06\/logo_bula.jpg\" alt=\"Bula\" class=\"wp-image-1230\"\/><\/figure>\n\n\n<figure class=\"wp-block-image\"><img src=\"https:\/\/we-studio.ch\/wp-content\/uploads\/2019\/06\/logo_fiduciaire_saugy.jpg\" alt=\"Saugy fiduciaire\" class=\"wp-image-1236\"\/><\/figure>\n\n\n<figure class=\"wp-block-image\"><img src=\"https:\/\/we-studio.ch\/wp-content\/uploads\/2019\/06\/logo_merk.jpg\" alt=\"Merck\" class=\"wp-image-1241\"\/><\/figure><\/div>\n\n\n\n<div class=\"wp-block-column max-width-20-p\">\n<figure class=\"wp-block-image\"><img src=\"https:\/\/we-studio.ch\/wp-content\/uploads\/2019\/06\/logo_novagence.jpg\" alt=\"novagence\" class=\"wp-image-1218\"\/><\/figure>\n\n\n<figure class=\"wp-block-image\"><img src=\"https:\/\/we-studio.ch\/wp-content\/uploads\/2019\/06\/logo_henri_des.jpg\" alt=\"Henri D&#xE8;s\" class=\"wp-image-1223\"\/><\/figure>\n\n\n<figure class=\"wp-block-image\"><img src=\"https:\/\/we-studio.ch\/wp-content\/uploads\/2019\/06\/logo_ecole_cirque-1.jpg\" alt=\"Ecole de cirque - Lausanne - Renens\" class=\"wp-image-1227\"\/><\/figure>\n\n\n<figure class=\"wp-block-image\"><img src=\"https:\/\/we-studio.ch\/wp-content\/uploads\/2019\/06\/logo_avop-1.jpg\" alt=\"Avop\" class=\"wp-image-1231\"\/><\/figure>\n\n\n<figure class=\"wp-block-image\"><img src=\"https:\/\/we-studio.ch\/wp-content\/uploads\/2019\/06\/logo_comme_maison.jpg\" alt=\"Comme &#xE0; la maison\" class=\"wp-image-1237\"\/><\/figure>\n\n\n<figure class=\"wp-block-image\"><img src=\"https:\/\/we-studio.ch\/wp-content\/uploads\/2019\/06\/logo_ocean_71.jpg\" alt=\"Ocean71\" class=\"wp-image-1242\"\/><\/figure><\/div>\n\n\n\n<div class=\"wp-block-column max-width-20-p\">\n<figure class=\"wp-block-image\"><img src=\"https:\/\/we-studio.ch\/wp-content\/uploads\/2019\/06\/logo_mad-1.jpg\" alt=\"MAD\" class=\"wp-image-1219\"\/><\/figure>\n\n\n<figure class=\"wp-block-image\"><img src=\"https:\/\/we-studio.ch\/wp-content\/uploads\/2019\/06\/logo_fonpro-1.jpg\" alt=\"FonPro\" class=\"wp-image-1224\"\/><\/figure>\n\n\n<figure class=\"wp-block-image\"><img src=\"https:\/\/we-studio.ch\/wp-content\/uploads\/2019\/06\/logo_daley.jpg\" alt=\"Domaine du Daley\" class=\"wp-image-1228\"\/><\/figure>\n\n\n<figure class=\"wp-block-image\"><img src=\"https:\/\/we-studio.ch\/wp-content\/uploads\/2019\/06\/logo_alpha.jpg\" alt=\"Alpha Swiss Invest\" class=\"wp-image-1232\"\/><\/figure>\n\n\n<figure class=\"wp-block-image\"><img src=\"https:\/\/we-studio.ch\/wp-content\/uploads\/2019\/06\/logo_magnenat.jpg\" alt=\"Imprimerie Magnenat\" class=\"wp-image-1238\"\/><\/figure>\n\n\n<figure class=\"wp-block-image\"><img src=\"https:\/\/we-studio.ch\/wp-content\/uploads\/2019\/06\/logo_obeirut.jpg\" alt=\"Obeirut lebanese cuisine\" class=\"wp-image-1243\"\/><\/figure><\/div>\n\n\n\n<div class=\"wp-block-column max-width-20-p\">\n<figure class=\"wp-block-image\"><img src=\"https:\/\/we-studio.ch\/wp-content\/uploads\/2019\/06\/logo_lecrans-1.jpg\" alt=\"LeCrans - h&#xF4;tels et spa\" class=\"wp-image-1220\"\/><\/figure>\n\n\n<figure class=\"wp-block-image\"><img src=\"https:\/\/we-studio.ch\/wp-content\/uploads\/2019\/06\/logo_febex-1.jpg\" alt=\"Febex\" class=\"wp-image-1225\"\/><\/figure>\n\n\n<figure class=\"wp-block-image\"><img src=\"https:\/\/we-studio.ch\/wp-content\/uploads\/2019\/06\/logo_cche-1.jpg\" alt=\"CCHE\" class=\"wp-image-1229\"\/><\/figure>\n\n\n<figure class=\"wp-block-image\"><img src=\"https:\/\/we-studio.ch\/wp-content\/uploads\/2019\/06\/logo_absa.jpg\" alt=\"ABSA\" class=\"wp-image-1233\"\/><\/figure>\n\n\n<figure class=\"wp-block-image\"><img src=\"https:\/\/we-studio.ch\/wp-content\/uploads\/2019\/06\/logo_medtronic.jpg\" alt=\"Medtronic\" class=\"wp-image-1239\"\/><\/figure>\n\n\n<figure class=\"wp-block-image\"><img src=\"https:\/\/we-studio.ch\/wp-content\/uploads\/2019\/06\/logo_inait.jpg\" alt=\"Inait\" class=\"wp-image-1244\"\/><\/figure><\/div>\n<\/div>\n\n<div style=\"height:30px\" aria-hidden=\"true\" class=\"wp-block-spacer\"><\/div>\n","protected":false},"excerpt":{"rendered":"<p>Nous avons collabor\u00e9 ensemble Devenus de v\u00e9ritables partenaires au fil du temps, nos clients nous ont permis d&#8217;apprendre et d&#8217;accroitre notre exp\u00e9rience dans d&#8217;autres domaines professionnels.<\/p>\n","protected":false},"author":1,"featured_media":0,"parent":0,"menu_order":0,"comment_status":"closed","ping_status":"closed","template":"","meta":[],"acf":[],"_links":{"self":[{"href":"https:\/\/westudio.we-test.ch\/en\/wp-json\/wp\/v2\/pages\/14798"}],"collection":[{"href":"https:\/\/westudio.we-test.ch\/en\/wp-json\/wp\/v2\/pages"}],"about":[{"href":"https:\/\/westudio.we-test.ch\/en\/wp-json\/wp\/v2\/types\/page"}],"author":[{"embeddable":true,"href":"https:\/\/westudio.we-test.ch\/en\/wp-json\/wp\/v2\/users\/1"}],"replies":[{"embeddable":true,"href":"https:\/\/westudio.we-test.ch\/en\/wp-json\/wp\/v2\/comments?post=14798"}],"version-history":[{"count":1,"href":"https:\/\/westudio.we-test.ch\/en\/wp-json\/wp\/v2\/pages\/14798\/revisions"}],"predecessor-version":[{"id":14799,"href":"https:\/\/westudio.we-test.ch\/en\/wp-json\/wp\/v2\/pages\/14798\/revisions\/14799"}],"wp:attachment":[{"href":"https:\/\/westudio.we-test.ch\/en\/wp-json\/wp\/v2\/media?parent=14798"}],"curies":[{"name":"wp","href":"https:\/\/api.w.org\/{rel}","templated":true}]}}