{"id":14800,"date":"2022-03-22T11:06:49","date_gmt":"2022-03-22T11:06:49","guid":{"rendered":"https:\/\/westudio.we-test.ch\/contact-2\/"},"modified":"2022-05-18T16:00:04","modified_gmt":"2022-05-18T16:00:04","slug":"contact-2","status":"publish","type":"page","link":"https:\/\/westudio.we-test.ch\/en\/contact-2\/","title":{"rendered":"Contact"},"content":{"rendered":"\n<iframe loading=\"lazy\" class=\"full-width\" src=\"https:\/\/www.google.com\/maps\/embed?pb=!1m18!1m12!1m3!1d3829.0139577161303!2d6.6247960950461025!3d46.521617225425466!2m3!1f0!2f0!3f0!3m2!1i1024!2i768!4f13.1!3m3!1m2!1s0x478c2e2c0ec970a7%3A0x5463e793ea74af9!2sWe+studio!5e0!3m2!1sfr!2sch!4v1558454554615!5m2!1sfr!2sch\" style=\"border:0\" allowfullscreen=\"\" title=\"Carte google\" width=\"100%\" height=\"430\" frameborder=\"0\"><\/iframe>\n\n\n<div style=\"height:67px\" aria-hidden=\"true\" class=\"wp-block-spacer\"><\/div>\n\n<h1 class=\"has-text-align-center\">Afin de nous trouver<\/h1>\n\n<h2 class=\"has-text-align-center\">we studio s\u00e0rl<\/h2>\n\n<p class=\"has-text-align-center\">30 C\u00f4tes-de-Montbenon 1003 Lausanne<br\/> info@we-studio.ch | +41 21 311 47 21<\/p>\n\n<p class=\"has-text-align-center\">\u2014\u2014\u2014\u2014\u2014<\/p>\n\n<p class=\"has-text-align-center\">N\u2019h\u00e9sitez pas \u00e0 nous \u00e9crire un petit mot\u2026 nous r\u00e9pondons rapidement de <br\/>mani\u00e8re g\u00e9n\u00e9rale, nous postons aussi r\u00e9guli\u00e8rement des offres d&#8217;emploi <br\/>ou de stages sur notre page Facebook<\/p>\n\n<div class=\"wp-block-image\"><figure class=\"aligncenter\"><figure><figure><a href=\"https:\/\/www.facebook.com\/We-studio-281076546173\/\" target=\"_blank\" rel=\"noreferrer noopener\" aria-label=\"lien vers la page facebook\"><img src=\"https:\/\/we-studio.ch\/wp-content\/uploads\/2019\/12\/Facebook_footer.png\" alt=\"Icone facebook\" class=\"wp-image-277\"\/><\/a><\/figure><\/figure><\/figure><\/div>\n\n<div style=\"height:92px\" aria-hidden=\"true\" class=\"wp-block-spacer\"><\/div>\n","protected":false},"excerpt":{"rendered":"<p>Afin de nous trouver we studio s\u00e0rl 30 C\u00f4tes-de-Montbenon 1003 Lausanne info@we-studio.ch | +41 21 311 47 21 \u2014\u2014\u2014\u2014\u2014 N\u2019h\u00e9sitez pas \u00e0 nous \u00e9crire un petit mot\u2026 nous r\u00e9pondons rapidement de mani\u00e8re g\u00e9n\u00e9rale, nous postons aussi r\u00e9guli\u00e8rement des offres d&#8217;emploi ou de stages sur notre page Facebook<\/p>\n","protected":false},"author":1,"featured_media":0,"parent":0,"menu_order":0,"comment_status":"closed","ping_status":"closed","template":"","meta":[],"acf":[],"_links":{"self":[{"href":"https:\/\/westudio.we-test.ch\/en\/wp-json\/wp\/v2\/pages\/14800"}],"collection":[{"href":"https:\/\/westudio.we-test.ch\/en\/wp-json\/wp\/v2\/pages"}],"about":[{"href":"https:\/\/westudio.we-test.ch\/en\/wp-json\/wp\/v2\/types\/page"}],"author":[{"embeddable":true,"href":"https:\/\/westudio.we-test.ch\/en\/wp-json\/wp\/v2\/users\/1"}],"replies":[{"embeddable":true,"href":"https:\/\/westudio.we-test.ch\/en\/wp-json\/wp\/v2\/comments?post=14800"}],"version-history":[{"count":1,"href":"https:\/\/westudio.we-test.ch\/en\/wp-json\/wp\/v2\/pages\/14800\/revisions"}],"predecessor-version":[{"id":14801,"href":"https:\/\/westudio.we-test.ch\/en\/wp-json\/wp\/v2\/pages\/14800\/revisions\/14801"}],"wp:attachment":[{"href":"https:\/\/westudio.we-test.ch\/en\/wp-json\/wp\/v2\/media?parent=14800"}],"curies":[{"name":"wp","href":"https:\/\/api.w.org\/{rel}","templated":true}]}}